{"id":4220,"date":"2023-05-19T15:04:34","date_gmt":"2023-05-19T13:04:34","guid":{"rendered":"https:\/\/www.chalet-wiesenglueck.it\/newsletter\/"},"modified":"2023-06-05T10:14:16","modified_gmt":"2023-06-05T08:14:16","slug":"newsletter","status":"publish","type":"page","link":"https:\/\/www.chalet-wiesenglueck.it\/it\/newsletter\/","title":{"rendered":"Newsletter"},"content":{"rendered":"\t\t<div data-elementor-type=\"wp-page\" data-elementor-id=\"4220\" class=\"elementor elementor-4220\">\n\t\t\t\t\t\t<section class=\"elementor-section elementor-top-section elementor-element elementor-element-7179c7c elementor-section-boxed elementor-section-height-default elementor-section-height-default\" data-id=\"7179c7c\" data-element_type=\"section\" data-settings=\"{&quot;jet_parallax_layout_list&quot;:[{&quot;jet_parallax_layout_image&quot;:{&quot;url&quot;:&quot;&quot;,&quot;id&quot;:&quot;&quot;,&quot;size&quot;:&quot;&quot;},&quot;_id&quot;:&quot;f3c3b8d&quot;,&quot;jet_parallax_layout_speed&quot;:{&quot;unit&quot;:&quot;%&quot;,&quot;size&quot;:&quot;50&quot;,&quot;sizes&quot;:[]},&quot;jet_parallax_layout_bg_x&quot;:&quot;50&quot;,&quot;jet_parallax_layout_bg_y&quot;:&quot;50&quot;,&quot;jet_parallax_layout_image_tablet&quot;:{&quot;url&quot;:&quot;&quot;,&quot;id&quot;:&quot;&quot;,&quot;size&quot;:&quot;&quot;},&quot;jet_parallax_layout_image_mobile&quot;:{&quot;url&quot;:&quot;&quot;,&quot;id&quot;:&quot;&quot;,&quot;size&quot;:&quot;&quot;},&quot;jet_parallax_layout_type&quot;:&quot;scroll&quot;,&quot;jet_parallax_layout_direction&quot;:&quot;1&quot;,&quot;jet_parallax_layout_fx_direction&quot;:null,&quot;jet_parallax_layout_z_index&quot;:&quot;&quot;,&quot;jet_parallax_layout_bg_x_tablet&quot;:&quot;&quot;,&quot;jet_parallax_layout_bg_x_mobile&quot;:&quot;&quot;,&quot;jet_parallax_layout_bg_y_tablet&quot;:&quot;&quot;,&quot;jet_parallax_layout_bg_y_mobile&quot;:&quot;&quot;,&quot;jet_parallax_layout_bg_size&quot;:&quot;auto&quot;,&quot;jet_parallax_layout_bg_size_tablet&quot;:&quot;&quot;,&quot;jet_parallax_layout_bg_size_mobile&quot;:&quot;&quot;,&quot;jet_parallax_layout_animation_prop&quot;:&quot;transform&quot;,&quot;jet_parallax_layout_on&quot;:[&quot;desktop&quot;,&quot;tablet&quot;]}]}\">\n\t\t\t\t\t\t<div class=\"elementor-container elementor-column-gap-no\">\n\t\t\t\t\t<div class=\"elementor-column elementor-col-100 elementor-top-column elementor-element elementor-element-5b1691b\" data-id=\"5b1691b\" data-element_type=\"column\">\n\t\t\t<div class=\"elementor-widget-wrap elementor-element-populated\">\n\t\t\t\t\t\t<div class=\"elementor-element elementor-element-3627260a elementor-widget elementor-widget-heading\" data-id=\"3627260a\" data-element_type=\"widget\" data-widget_type=\"heading.default\">\n\t\t\t\t<div class=\"elementor-widget-container\">\n\t\t\t\t\t<h2 class=\"elementor-heading-title elementor-size-default\">News del Wiesengl\u00fcck<\/h2>\t\t\t\t<\/div>\n\t\t\t\t<\/div>\n\t\t\t\t<div class=\"elementor-element elementor-element-6933478b elementor-widget elementor-widget-heading\" data-id=\"6933478b\" data-element_type=\"widget\" data-widget_type=\"heading.default\">\n\t\t\t\t<div class=\"elementor-widget-container\">\n\t\t\t\t\t<h3 class=\"elementor-heading-title elementor-size-default\">ognitanto una piccola news ...<\/h3>\t\t\t\t<\/div>\n\t\t\t\t<\/div>\n\t\t\t\t<div class=\"elementor-element elementor-element-17678170 elementor-widget elementor-widget-text-editor\" data-id=\"17678170\" data-element_type=\"widget\" data-widget_type=\"text-editor.default\">\n\t\t\t\t<div class=\"elementor-widget-container\">\n\t\t\t\t\t\t\t\t\t<p>Iscriviti qui al Wiesengl\u00fcck-Newsletter:<\/p><form id=\"mc4wp-form-1\" class=\"mc4wp-form mc4wp-form-6770 mc4wp-form-theme mc4wp-form-theme-light mc4wp-ajax\" method=\"post\" data-id=\"6770\" data-name=\"Anmeldeformular Newsletter DE\"><div class=\"mc4wp-form-fields\">\u00a0<\/div><\/form>\t\t\t\t\t\t\t\t<\/div>\n\t\t\t\t<\/div>\n\t\t\t\t<div class=\"elementor-element elementor-element-17d6f52 elementor-widget elementor-widget-html\" data-id=\"17d6f52\" data-element_type=\"widget\" data-widget_type=\"html.default\">\n\t\t\t\t<div class=\"elementor-widget-container\">\n\t\t\t\t\t<!-- Begin Mailchimp Signup Form -->\n<link href=\"\/\/cdn-images.mailchimp.com\/embedcode\/classic-071822.css\" rel=\"stylesheet\" type=\"text\/css\">\n<style type=\"text\/css\">\n\t#mc_embed_signup{background:#d9d3ce; clear:left; font:14px;}\n\t\/* Add your own Mailchimp form style overrides in your site stylesheet or in this style block.\n\t   We recommend moving this block and the preceding CSS link to the HEAD of your HTML file. *\/\n<\/style>\n<div id=\"mc_embed_signup\">\n    <form action=\"https:\/\/wiesenglueck.us12.list-manage.com\/subscribe\/post?u=f20f135a09817d59a6d931d11&amp;id=0de1bd4dc0&amp;f_id=0041bee0f0\" method=\"post\" id=\"mc-embedded-subscribe-form\" name=\"mc-embedded-subscribe-form\" class=\"validate\" target=\"_blank\" novalidate>\n        <div id=\"mc_embed_signup_scroll\">\n        \n        <div class=\"indicates-required\"><span class=\"asterisk\">*<\/span> indicates required<\/div>\n<div class=\"mc-field-group\">\n\t<label for=\"mce-EMAIL\">Indirizzo e-mail  <span class=\"asterisk\">*<\/span>\n<\/label>\n\t<input type=\"email\" value=\"\" name=\"EMAIL\" class=\"required email\" id=\"mce-EMAIL\" required>\n\t<span id=\"mce-EMAIL-HELPERTEXT\" class=\"helper_text\"><\/span>\n<\/div>\n<div class=\"mc-field-group\">\n\t<label for=\"mce-FNAME\">Nome <\/label>\n\t<input type=\"text\" value=\"\" name=\"FNAME\" class=\"\" id=\"mce-FNAME\">\n\t<span id=\"mce-FNAME-HELPERTEXT\" class=\"helper_text\"><\/span>\n<\/div>\n<div class=\"mc-field-group\">\n\t<label for=\"mce-LNAME\">Cognome <\/label>\n\t<input type=\"text\" value=\"\" name=\"LNAME\" class=\"\" id=\"mce-LNAME\">\n\t<span id=\"mce-LNAME-HELPERTEXT\" class=\"helper_text\"><\/span>\n<\/div>\n\t<div id=\"mce-responses\" class=\"clear foot\">\n\t\t<div class=\"response\" id=\"mce-error-response\" style=\"display:none\"><\/div>\n\t\t<div class=\"response\" id=\"mce-success-response\" style=\"display:none\"><\/div>\n\t<\/div>    <!-- real people should not fill this in and expect good things - do not remove this or risk form bot signups-->\n    <div style=\"position: absolute; left: -5000px;\" aria-hidden=\"true\"><input type=\"text\" name=\"b_f20f135a09817d59a6d931d11_0de1bd4dc0\" tabindex=\"-1\" value=\"\"><\/div>\n        <div class=\"optionalParent\">\n            <div class=\"clear foot\">\n                <input type=\"submit\" value=\"Iscriviti\" name=\"subscribe\" id=\"mc-embedded-subscribe\" class=\"button\">\n                <p class=\"brandingLogo\"><a href=\"http:\/\/eepurl.com\/irEUlc\" title=\"Mailchimp - email marketing made easy and fun\"><img decoding=\"async\" src=\"https:\/\/eep.io\/mc-cdn-images\/template_images\/branding_logo_text_dark_dtp.svg\"><\/a><\/p>\n            <\/div>\n        <\/div>\n    <\/div>\n<\/form>\n<\/div>\n<script type='text\/javascript' src='\/\/s3.amazonaws.com\/downloads.mailchimp.com\/js\/mc-validate.js'><\/script><script type='text\/javascript'>(function($) {window.fnames = new Array(); window.ftypes = new Array();fnames[0]='EMAIL';ftypes[0]='email';fnames[1]='FNAME';ftypes[1]='text';fnames[2]='LNAME';ftypes[2]='text'; \/*\n * Translated default messages for the $ validation plugin.\n * Locale: IT\n *\/\n$.extend($.validator.messages, {\n       required: \"Campo obbligatorio.\",\n       remote: \"Controlla questo campo.\",\n       email: \"Inserisci un indirizzo email valido.\",\n       url: \"Inserisci un indirizzo web valido.\",\n       date: \"Inserisci una data valida.\",\n       dateISO: \"Inserisci una data valida (ISO).\",\n       number: \"Inserisci un numero valido.\",\n       digits: \"Inserisci solo numeri.\",\n       creditcard: \"Inserisci un numero di carta di credito valido.\",\n       equalTo: \"Il valore non corrisponde.\",\n       accept: \"Inserisci un valore con un&apos;estensione valida.\",\n       maxlength: $.validator.format(\"Non inserire pi&ugrave; di {0} caratteri.\"),\n       minlength: $.validator.format(\"Inserisci almeno {0} caratteri.\"),\n       rangelength: $.validator.format(\"Inserisci un valore compreso tra {0} e {1} caratteri.\"),\n       range: $.validator.format(\"Inserisci un valore compreso tra {0} e {1}.\"),\n       max: $.validator.format(\"Inserisci un valore minore o uguale a {0}.\"),\n       min: $.validator.format(\"Inserisci un valore maggiore o uguale a {0}.\")\n});}(jQuery));var $mcj = jQuery.noConflict(true);<\/script>\n<!--End mc_embed_signup-->\t\t\t\t<\/div>\n\t\t\t\t<\/div>\n\t\t\t\t\t<\/div>\n\t\t<\/div>\n\t\t\t\t\t<\/div>\n\t\t<\/section>\n\t\t\t\t<\/div>\n\t\t","protected":false},"excerpt":{"rendered":"<p>News del Wiesengl\u00fcck ognitanto una piccola news &#8230; Iscriviti qui al Wiesengl\u00fcck-Newsletter: \u00a0 * indicates required Indirizzo e-mail * Nome Cognome<\/p>\n","protected":false},"author":1,"featured_media":0,"parent":0,"menu_order":24,"comment_status":"open","ping_status":"closed","template":"full-width.php","meta":{"_acf_changed":false,"footnotes":""},"class_list":["post-4220","page","type-page","status-publish","hentry"],"acf":[],"yoast_head":"<!-- This site is optimized with the Yoast SEO plugin v27.4 - https:\/\/yoast.com\/product\/yoast-seo-wordpress\/ -->\n<title>Newsletter - Chalet Wiesengl\u00fcck Alto Adige Val Casies<\/title>\n<meta name=\"robots\" content=\"index, follow, max-snippet:-1, max-image-preview:large, max-video-preview:-1\" \/>\n<link rel=\"canonical\" href=\"https:\/\/www.chalet-wiesenglueck.it\/it\/newsletter\/\" \/>\n<meta property=\"og:locale\" content=\"it_IT\" \/>\n<meta property=\"og:type\" content=\"article\" \/>\n<meta property=\"og:title\" content=\"Newsletter - Chalet Wiesengl\u00fcck Alto Adige Val Casies\" \/>\n<meta property=\"og:description\" content=\"News del Wiesengl\u00fcck ognitanto una piccola news &#8230; Iscriviti qui al Wiesengl\u00fcck-Newsletter: \u00a0 * indicates required Indirizzo e-mail * Nome Cognome\" \/>\n<meta property=\"og:url\" content=\"https:\/\/www.chalet-wiesenglueck.it\/it\/newsletter\/\" \/>\n<meta property=\"og:site_name\" content=\"Chalet Wiesengl\u00fcck Alto Adige Val Casies\" \/>\n<meta property=\"article:publisher\" content=\"https:\/\/www.facebook.com\/wiesenglueck\/\" \/>\n<meta property=\"article:modified_time\" content=\"2023-06-05T08:14:16+00:00\" \/>\n<meta property=\"og:image\" content=\"https:\/\/eep.io\/mc-cdn-images\/template_images\/branding_logo_text_dark_dtp.svg\" \/>\n<meta name=\"twitter:card\" content=\"summary_large_image\" \/>\n<script type=\"application\/ld+json\" class=\"yoast-schema-graph\">{\"@context\":\"https:\\\/\\\/schema.org\",\"@graph\":[{\"@type\":\"WebPage\",\"@id\":\"https:\\\/\\\/www.chalet-wiesenglueck.it\\\/it\\\/newsletter\\\/\",\"url\":\"https:\\\/\\\/www.chalet-wiesenglueck.it\\\/it\\\/newsletter\\\/\",\"name\":\"Newsletter - Chalet Wiesengl\u00fcck Alto Adige Val Casies\",\"isPartOf\":{\"@id\":\"https:\\\/\\\/www.chalet-wiesenglueck.it\\\/#website\"},\"primaryImageOfPage\":{\"@id\":\"https:\\\/\\\/www.chalet-wiesenglueck.it\\\/it\\\/newsletter\\\/#primaryimage\"},\"image\":{\"@id\":\"https:\\\/\\\/www.chalet-wiesenglueck.it\\\/it\\\/newsletter\\\/#primaryimage\"},\"thumbnailUrl\":\"https:\\\/\\\/eep.io\\\/mc-cdn-images\\\/template_images\\\/branding_logo_text_dark_dtp.svg\",\"datePublished\":\"2023-05-19T13:04:34+00:00\",\"dateModified\":\"2023-06-05T08:14:16+00:00\",\"breadcrumb\":{\"@id\":\"https:\\\/\\\/www.chalet-wiesenglueck.it\\\/it\\\/newsletter\\\/#breadcrumb\"},\"inLanguage\":\"it-IT\",\"potentialAction\":[{\"@type\":\"ReadAction\",\"target\":[\"https:\\\/\\\/www.chalet-wiesenglueck.it\\\/it\\\/newsletter\\\/\"]}]},{\"@type\":\"ImageObject\",\"inLanguage\":\"it-IT\",\"@id\":\"https:\\\/\\\/www.chalet-wiesenglueck.it\\\/it\\\/newsletter\\\/#primaryimage\",\"url\":\"https:\\\/\\\/eep.io\\\/mc-cdn-images\\\/template_images\\\/branding_logo_text_dark_dtp.svg\",\"contentUrl\":\"https:\\\/\\\/eep.io\\\/mc-cdn-images\\\/template_images\\\/branding_logo_text_dark_dtp.svg\"},{\"@type\":\"BreadcrumbList\",\"@id\":\"https:\\\/\\\/www.chalet-wiesenglueck.it\\\/it\\\/newsletter\\\/#breadcrumb\",\"itemListElement\":[{\"@type\":\"ListItem\",\"position\":1,\"name\":\"Startseite\",\"item\":\"https:\\\/\\\/www.chalet-wiesenglueck.it\\\/it\\\/\"},{\"@type\":\"ListItem\",\"position\":2,\"name\":\"Newsletter\"}]},{\"@type\":\"WebSite\",\"@id\":\"https:\\\/\\\/www.chalet-wiesenglueck.it\\\/#website\",\"url\":\"https:\\\/\\\/www.chalet-wiesenglueck.it\\\/\",\"name\":\"Chalet Wiesengl\u00fcck\",\"description\":\"\",\"publisher\":{\"@id\":\"https:\\\/\\\/www.chalet-wiesenglueck.it\\\/#organization\"},\"potentialAction\":[{\"@type\":\"SearchAction\",\"target\":{\"@type\":\"EntryPoint\",\"urlTemplate\":\"https:\\\/\\\/www.chalet-wiesenglueck.it\\\/?s={search_term_string}\"},\"query-input\":{\"@type\":\"PropertyValueSpecification\",\"valueRequired\":true,\"valueName\":\"search_term_string\"}}],\"inLanguage\":\"it-IT\"},{\"@type\":\"Organization\",\"@id\":\"https:\\\/\\\/www.chalet-wiesenglueck.it\\\/#organization\",\"name\":\"Chalet Wiesengl\u00fcck\",\"url\":\"https:\\\/\\\/www.chalet-wiesenglueck.it\\\/\",\"logo\":{\"@type\":\"ImageObject\",\"inLanguage\":\"it-IT\",\"@id\":\"https:\\\/\\\/www.chalet-wiesenglueck.it\\\/#\\\/schema\\\/logo\\\/image\\\/\",\"url\":\"https:\\\/\\\/www.chalet-wiesenglueck.it\\\/wp-content\\\/uploads\\\/wiesenglueck-logo-transparenz-test-1.png\",\"contentUrl\":\"https:\\\/\\\/www.chalet-wiesenglueck.it\\\/wp-content\\\/uploads\\\/wiesenglueck-logo-transparenz-test-1.png\",\"width\":426,\"height\":335,\"caption\":\"Chalet Wiesengl\u00fcck\"},\"image\":{\"@id\":\"https:\\\/\\\/www.chalet-wiesenglueck.it\\\/#\\\/schema\\\/logo\\\/image\\\/\"},\"sameAs\":[\"https:\\\/\\\/www.facebook.com\\\/wiesenglueck\\\/\",\"https:\\\/\\\/www.instagram.com\\\/chalet_wiesenglueck\\\/\"]}]}<\/script>\n<!-- \/ Yoast SEO plugin. -->","yoast_head_json":{"title":"Newsletter - Chalet Wiesengl\u00fcck Alto Adige Val Casies","robots":{"index":"index","follow":"follow","max-snippet":"max-snippet:-1","max-image-preview":"max-image-preview:large","max-video-preview":"max-video-preview:-1"},"canonical":"https:\/\/www.chalet-wiesenglueck.it\/it\/newsletter\/","og_locale":"it_IT","og_type":"article","og_title":"Newsletter - Chalet Wiesengl\u00fcck Alto Adige Val Casies","og_description":"News del Wiesengl\u00fcck ognitanto una piccola news &#8230; Iscriviti qui al Wiesengl\u00fcck-Newsletter: \u00a0 * indicates required Indirizzo e-mail * Nome Cognome","og_url":"https:\/\/www.chalet-wiesenglueck.it\/it\/newsletter\/","og_site_name":"Chalet Wiesengl\u00fcck Alto Adige Val Casies","article_publisher":"https:\/\/www.facebook.com\/wiesenglueck\/","article_modified_time":"2023-06-05T08:14:16+00:00","og_image":[{"url":"https:\/\/eep.io\/mc-cdn-images\/template_images\/branding_logo_text_dark_dtp.svg","type":"","width":"","height":""}],"twitter_card":"summary_large_image","schema":{"@context":"https:\/\/schema.org","@graph":[{"@type":"WebPage","@id":"https:\/\/www.chalet-wiesenglueck.it\/it\/newsletter\/","url":"https:\/\/www.chalet-wiesenglueck.it\/it\/newsletter\/","name":"Newsletter - Chalet Wiesengl\u00fcck Alto Adige Val Casies","isPartOf":{"@id":"https:\/\/www.chalet-wiesenglueck.it\/#website"},"primaryImageOfPage":{"@id":"https:\/\/www.chalet-wiesenglueck.it\/it\/newsletter\/#primaryimage"},"image":{"@id":"https:\/\/www.chalet-wiesenglueck.it\/it\/newsletter\/#primaryimage"},"thumbnailUrl":"https:\/\/eep.io\/mc-cdn-images\/template_images\/branding_logo_text_dark_dtp.svg","datePublished":"2023-05-19T13:04:34+00:00","dateModified":"2023-06-05T08:14:16+00:00","breadcrumb":{"@id":"https:\/\/www.chalet-wiesenglueck.it\/it\/newsletter\/#breadcrumb"},"inLanguage":"it-IT","potentialAction":[{"@type":"ReadAction","target":["https:\/\/www.chalet-wiesenglueck.it\/it\/newsletter\/"]}]},{"@type":"ImageObject","inLanguage":"it-IT","@id":"https:\/\/www.chalet-wiesenglueck.it\/it\/newsletter\/#primaryimage","url":"https:\/\/eep.io\/mc-cdn-images\/template_images\/branding_logo_text_dark_dtp.svg","contentUrl":"https:\/\/eep.io\/mc-cdn-images\/template_images\/branding_logo_text_dark_dtp.svg"},{"@type":"BreadcrumbList","@id":"https:\/\/www.chalet-wiesenglueck.it\/it\/newsletter\/#breadcrumb","itemListElement":[{"@type":"ListItem","position":1,"name":"Startseite","item":"https:\/\/www.chalet-wiesenglueck.it\/it\/"},{"@type":"ListItem","position":2,"name":"Newsletter"}]},{"@type":"WebSite","@id":"https:\/\/www.chalet-wiesenglueck.it\/#website","url":"https:\/\/www.chalet-wiesenglueck.it\/","name":"Chalet Wiesengl\u00fcck","description":"","publisher":{"@id":"https:\/\/www.chalet-wiesenglueck.it\/#organization"},"potentialAction":[{"@type":"SearchAction","target":{"@type":"EntryPoint","urlTemplate":"https:\/\/www.chalet-wiesenglueck.it\/?s={search_term_string}"},"query-input":{"@type":"PropertyValueSpecification","valueRequired":true,"valueName":"search_term_string"}}],"inLanguage":"it-IT"},{"@type":"Organization","@id":"https:\/\/www.chalet-wiesenglueck.it\/#organization","name":"Chalet Wiesengl\u00fcck","url":"https:\/\/www.chalet-wiesenglueck.it\/","logo":{"@type":"ImageObject","inLanguage":"it-IT","@id":"https:\/\/www.chalet-wiesenglueck.it\/#\/schema\/logo\/image\/","url":"https:\/\/www.chalet-wiesenglueck.it\/wp-content\/uploads\/wiesenglueck-logo-transparenz-test-1.png","contentUrl":"https:\/\/www.chalet-wiesenglueck.it\/wp-content\/uploads\/wiesenglueck-logo-transparenz-test-1.png","width":426,"height":335,"caption":"Chalet Wiesengl\u00fcck"},"image":{"@id":"https:\/\/www.chalet-wiesenglueck.it\/#\/schema\/logo\/image\/"},"sameAs":["https:\/\/www.facebook.com\/wiesenglueck\/","https:\/\/www.instagram.com\/chalet_wiesenglueck\/"]}]}},"_links":{"self":[{"href":"https:\/\/www.chalet-wiesenglueck.it\/it\/wp-json\/wp\/v2\/pages\/4220","targetHints":{"allow":["GET"]}}],"collection":[{"href":"https:\/\/www.chalet-wiesenglueck.it\/it\/wp-json\/wp\/v2\/pages"}],"about":[{"href":"https:\/\/www.chalet-wiesenglueck.it\/it\/wp-json\/wp\/v2\/types\/page"}],"author":[{"embeddable":true,"href":"https:\/\/www.chalet-wiesenglueck.it\/it\/wp-json\/wp\/v2\/users\/1"}],"replies":[{"embeddable":true,"href":"https:\/\/www.chalet-wiesenglueck.it\/it\/wp-json\/wp\/v2\/comments?post=4220"}],"version-history":[{"count":0,"href":"https:\/\/www.chalet-wiesenglueck.it\/it\/wp-json\/wp\/v2\/pages\/4220\/revisions"}],"wp:attachment":[{"href":"https:\/\/www.chalet-wiesenglueck.it\/it\/wp-json\/wp\/v2\/media?parent=4220"}],"curies":[{"name":"wp","href":"https:\/\/api.w.org\/{rel}","templated":true}]}}