{"id":4223,"date":"2023-05-22T09:13:44","date_gmt":"2023-05-22T07:13:44","guid":{"rendered":"https:\/\/www.chalet-wiesenglueck.it\/buono\/"},"modified":"2024-09-24T16:35:23","modified_gmt":"2024-09-24T14:35:23","slug":"buono","status":"publish","type":"page","link":"https:\/\/www.chalet-wiesenglueck.it\/it\/buono\/","title":{"rendered":"Buono"},"content":{"rendered":"\t\t<div data-elementor-type=\"wp-page\" data-elementor-id=\"4223\" class=\"elementor elementor-4223\">\n\t\t\t\t\t\t<section class=\"elementor-section elementor-top-section elementor-element elementor-element-7179c7c elementor-section-boxed elementor-section-height-default elementor-section-height-default\" data-id=\"7179c7c\" data-element_type=\"section\" data-settings=\"{&quot;jet_parallax_layout_list&quot;:[{&quot;jet_parallax_layout_image&quot;:{&quot;url&quot;:&quot;&quot;,&quot;id&quot;:&quot;&quot;,&quot;size&quot;:&quot;&quot;},&quot;_id&quot;:&quot;f3c3b8d&quot;,&quot;jet_parallax_layout_speed&quot;:{&quot;unit&quot;:&quot;%&quot;,&quot;size&quot;:&quot;50&quot;,&quot;sizes&quot;:[]},&quot;jet_parallax_layout_bg_x&quot;:&quot;50&quot;,&quot;jet_parallax_layout_bg_y&quot;:&quot;50&quot;,&quot;jet_parallax_layout_image_tablet&quot;:{&quot;url&quot;:&quot;&quot;,&quot;id&quot;:&quot;&quot;,&quot;size&quot;:&quot;&quot;},&quot;jet_parallax_layout_image_mobile&quot;:{&quot;url&quot;:&quot;&quot;,&quot;id&quot;:&quot;&quot;,&quot;size&quot;:&quot;&quot;},&quot;jet_parallax_layout_type&quot;:&quot;scroll&quot;,&quot;jet_parallax_layout_direction&quot;:&quot;1&quot;,&quot;jet_parallax_layout_fx_direction&quot;:null,&quot;jet_parallax_layout_z_index&quot;:&quot;&quot;,&quot;jet_parallax_layout_bg_x_tablet&quot;:&quot;&quot;,&quot;jet_parallax_layout_bg_x_mobile&quot;:&quot;&quot;,&quot;jet_parallax_layout_bg_y_tablet&quot;:&quot;&quot;,&quot;jet_parallax_layout_bg_y_mobile&quot;:&quot;&quot;,&quot;jet_parallax_layout_bg_size&quot;:&quot;auto&quot;,&quot;jet_parallax_layout_bg_size_tablet&quot;:&quot;&quot;,&quot;jet_parallax_layout_bg_size_mobile&quot;:&quot;&quot;,&quot;jet_parallax_layout_animation_prop&quot;:&quot;transform&quot;,&quot;jet_parallax_layout_on&quot;:[&quot;desktop&quot;,&quot;tablet&quot;]}]}\">\n\t\t\t\t\t\t<div class=\"elementor-container elementor-column-gap-no\">\n\t\t\t\t\t<div class=\"elementor-column elementor-col-100 elementor-top-column elementor-element elementor-element-5b1691b\" data-id=\"5b1691b\" data-element_type=\"column\">\n\t\t\t<div class=\"elementor-widget-wrap elementor-element-populated\">\n\t\t\t\t\t\t<div class=\"elementor-element elementor-element-3627260a elementor-widget elementor-widget-heading\" data-id=\"3627260a\" data-element_type=\"widget\" data-widget_type=\"heading.default\">\n\t\t\t\t<div class=\"elementor-widget-container\">\n\t\t\t\t\t<h2 class=\"elementor-heading-title elementor-size-default\">Buoni regalo<\/h2>\t\t\t\t<\/div>\n\t\t\t\t<\/div>\n\t\t\t\t<div class=\"elementor-element elementor-element-6933478b elementor-widget elementor-widget-heading\" data-id=\"6933478b\" data-element_type=\"widget\" data-widget_type=\"heading.default\">\n\t\t\t\t<div class=\"elementor-widget-container\">\n\t\t\t\t\t<h3 class=\"elementor-heading-title elementor-size-default\">un regalo carino...<\/h3>\t\t\t\t<\/div>\n\t\t\t\t<\/div>\n\t\t\t\t<div class=\"elementor-element elementor-element-17678170 elementor-widget elementor-widget-text-editor\" data-id=\"17678170\" data-element_type=\"widget\" data-widget_type=\"text-editor.default\">\n\t\t\t\t<div class=\"elementor-widget-container\">\n\t\t\t\t\t\t\t\t\t<p>Regalate un buono Wiesengl\u00fcck.<\/p><p>\u00c8 facilissimo: Indicate l\u2019importo, aggiungete un messaggio personalizzato e inviate. Dopo il avvenuto pagamento vi mandiamo il buono via mail.<\/p>\t\t\t\t\t\t\t\t<\/div>\n\t\t\t\t<\/div>\n\t\t\t\t<section class=\"elementor-section elementor-inner-section elementor-element elementor-element-9465e23 elementor-section-boxed elementor-section-height-default elementor-section-height-default\" data-id=\"9465e23\" data-element_type=\"section\" data-settings=\"{&quot;jet_parallax_layout_list&quot;:[]}\">\n\t\t\t\t\t\t<div class=\"elementor-container elementor-column-gap-default\">\n\t\t\t\t\t<div class=\"elementor-column elementor-col-50 elementor-inner-column elementor-element elementor-element-95d0a25\" data-id=\"95d0a25\" data-element_type=\"column\">\n\t\t\t<div class=\"elementor-widget-wrap elementor-element-populated\">\n\t\t\t\t\t\t<div class=\"elementor-element elementor-element-cf3e3a6 elementor-widget elementor-widget-text-editor\" data-id=\"cf3e3a6\" data-element_type=\"widget\" data-widget_type=\"text-editor.default\">\n\t\t\t\t<div class=\"elementor-widget-container\">\n\t\t\t\t\t\t\t\t\t<p><strong>Ordina online il buono:<\/strong><\/p>\t\t\t\t\t\t\t\t<\/div>\n\t\t\t\t<\/div>\n\t\t\t\t<div class=\"elementor-element elementor-element-d8d9b99 elementor-widget elementor-widget-contact-form-7\" data-id=\"d8d9b99\" data-element_type=\"widget\" data-widget_type=\"contact-form-7.default\">\n\t\t\t\t<div class=\"elementor-widget-container\">\n\t\t\t\t\t<div class=\"elementor-contact-form-7 jet-elements\">\n<div class=\"wpcf7 no-js\" id=\"wpcf7-f4302-o1\" lang=\"de-DE\" dir=\"ltr\" data-wpcf7-id=\"4302\">\n<div class=\"screen-reader-response\"><p role=\"status\" aria-live=\"polite\" aria-atomic=\"true\"><\/p> <ul><\/ul><\/div>\n<form action=\"\/it\/wp-json\/wp\/v2\/pages\/4223#wpcf7-f4302-o1\" method=\"post\" class=\"wpcf7-form init wpcf7-acceptance-as-validation\" aria-label=\"Kontaktformular\" novalidate=\"novalidate\" data-status=\"init\">\n<fieldset class=\"hidden-fields-container\"><input type=\"hidden\" name=\"_wpcf7\" value=\"4302\" \/><input type=\"hidden\" name=\"_wpcf7_version\" value=\"6.1\" \/><input type=\"hidden\" name=\"_wpcf7_locale\" value=\"de_DE\" \/><input type=\"hidden\" name=\"_wpcf7_unit_tag\" value=\"wpcf7-f4302-o1\" \/><input type=\"hidden\" name=\"_wpcf7_container_post\" value=\"0\" \/><input type=\"hidden\" name=\"_wpcf7_posted_data_hash\" value=\"\" \/><input type=\"hidden\" name=\"_wpcf7dtx_version\" value=\"5.0.5\" \/>\n<\/fieldset>\n<p>Valore in Euro *\n<\/p>\n<p><span class=\"wpcf7-form-control-wrap\" data-name=\"gutscheinwert\"><input size=\"40\" maxlength=\"400\" class=\"wpcf7-form-control wpcf7-text wpcf7-validates-as-required\" aria-required=\"true\" aria-invalid=\"false\" value=\"\" type=\"text\" name=\"gutscheinwert\" \/><\/span>\n<\/p>\n<p>Titolo *\n<\/p>\n<p><span class=\"wpcf7-form-control-wrap\" data-name=\"anredeGutschein\"><input size=\"40\" maxlength=\"400\" class=\"wpcf7-form-control wpcf7-text wpcf7-validates-as-required\" aria-required=\"true\" aria-invalid=\"false\" value=\"\" type=\"text\" name=\"anredeGutschein\" \/><\/span>\n<\/p>\n<p>Messaggio personalizzato\n<\/p>\n<p><span class=\"wpcf7-form-control-wrap\" data-name=\"textGutschein\"><textarea cols=\"40\" rows=\"10\" maxlength=\"2000\" class=\"wpcf7-form-control wpcf7-textarea\" aria-invalid=\"false\" name=\"textGutschein\"><\/textarea><\/span>\n<\/p>\n<p>Ordinato da *\n<\/p>\n<p><span class=\"wpcf7-form-control-wrap\" data-name=\"gutscheinname\"><input size=\"40\" maxlength=\"400\" class=\"wpcf7-form-control wpcf7-text wpcf7-validates-as-required\" aria-required=\"true\" aria-invalid=\"false\" value=\"\" type=\"text\" name=\"gutscheinname\" \/><\/span>\n<\/p>\n<p>Indirizzo e-mail *\n<\/p>\n<p><span class=\"wpcf7-form-control-wrap\" data-name=\"your-email\"><input size=\"40\" maxlength=\"400\" class=\"wpcf7-form-control wpcf7-email wpcf7-validates-as-required wpcf7-text wpcf7-validates-as-email\" aria-required=\"true\" aria-invalid=\"false\" value=\"\" type=\"email\" name=\"your-email\" \/><\/span>\n<\/p>\n<p><span id=\"wpcf7-69f5ccfb7c922-wrapper\" class=\"wpcf7-form-control-wrap Webseite-wrap\" ><input type=\"hidden\" name=\"Webseite-time-start\" value=\"1777716475\"><input type=\"hidden\" name=\"Webseite-time-check\" value=\"4\"><label for=\"wpcf7-69f5ccfb7c922-field\" class=\"hp-message\">Bitte lasse dieses Feld leer.<\/label><input id=\"wpcf7-69f5ccfb7c922-field\"  class=\"wpcf7-form-control wpcf7-text\" type=\"text\" name=\"Webseite\" value=\"\" size=\"40\" tabindex=\"-1\" autocomplete=\"new-password\" \/><\/span>\n<\/p>\n<p><span class=\"wpcf7-form-control-wrap\" data-name=\"Privacy\"><span class=\"wpcf7-form-control wpcf7-acceptance\"><span class=\"wpcf7-list-item\"><input type=\"checkbox\" name=\"Privacy\" value=\"1\" aria-invalid=\"false\" \/><\/span><\/span><\/span> Ho letto le direttive sulla<a href=\"\/it\/privacy\/\"> privacy<\/a> e le accetto\n<\/p>\n<p><input class=\"wpcf7-form-control wpcf7-submit has-spinner\" type=\"submit\" value=\"Invia\" \/>\n<\/p><div class=\"wpcf7-response-output\" aria-hidden=\"true\"><\/div>\n<\/form>\n<\/div>\n<\/div>\t\t\t\t<\/div>\n\t\t\t\t<\/div>\n\t\t\t\t\t<\/div>\n\t\t<\/div>\n\t\t\t\t<div class=\"elementor-column elementor-col-50 elementor-inner-column elementor-element elementor-element-f719ed9\" data-id=\"f719ed9\" data-element_type=\"column\">\n\t\t\t<div class=\"elementor-widget-wrap elementor-element-populated\">\n\t\t\t\t\t\t<div class=\"elementor-element elementor-element-8445d96 elementor-widget elementor-widget-image\" data-id=\"8445d96\" data-element_type=\"widget\" data-widget_type=\"image.default\">\n\t\t\t\t<div class=\"elementor-widget-container\">\n\t\t\t\t\t\t\t\t\t\t\t\t\t\t\t<img fetchpriority=\"high\" decoding=\"async\" width=\"565\" height=\"800\" src=\"https:\/\/www.chalet-wiesenglueck.it\/wp-content\/uploads\/voucher-wiesenglueck-IT.jpg\" class=\"attachment-large size-large wp-image-4295\" alt=\"Chalet Wiesengl\u00fcck Alto Adige Val Casies\" srcset=\"https:\/\/www.chalet-wiesenglueck.it\/wp-content\/uploads\/voucher-wiesenglueck-IT.jpg 565w, https:\/\/www.chalet-wiesenglueck.it\/wp-content\/uploads\/voucher-wiesenglueck-IT-106x150.jpg 106w\" sizes=\"(max-width: 565px) 100vw, 565px\" \/>\t\t\t\t\t\t\t\t\t\t\t\t\t\t\t<\/div>\n\t\t\t\t<\/div>\n\t\t\t\t\t<\/div>\n\t\t<\/div>\n\t\t\t\t\t<\/div>\n\t\t<\/section>\n\t\t\t\t\t<\/div>\n\t\t<\/div>\n\t\t\t\t\t<\/div>\n\t\t<\/section>\n\t\t\t\t<\/div>\n\t\t","protected":false},"excerpt":{"rendered":"<p>Buoni regalo un regalo carino&#8230; Regalate un buono Wiesengl\u00fcck. \u00c8 facilissimo: Indicate l\u2019importo, aggiungete un messaggio personalizzato e inviate. Dopo il avvenuto pagamento vi mandiamo il buono via mail. Ordina online il buono: Valore in Euro * Titolo * Messaggio personalizzato Ordinato da * Indirizzo e-mail * Bitte lasse dieses Feld leer. Ho letto le [&hellip;]<\/p>\n","protected":false},"author":1,"featured_media":0,"parent":0,"menu_order":23,"comment_status":"closed","ping_status":"closed","template":"full-width.php","meta":{"_acf_changed":false,"footnotes":""},"class_list":["post-4223","page","type-page","status-publish","hentry"],"acf":[],"yoast_head":"<!-- This site is optimized with the Yoast SEO plugin v27.5 - https:\/\/yoast.com\/product\/yoast-seo-wordpress\/ -->\n<title>Buono - Chalet Wiesengl\u00fcck Alto Adige Val Casies<\/title>\n<meta name=\"robots\" content=\"index, follow, max-snippet:-1, max-image-preview:large, max-video-preview:-1\" \/>\n<link rel=\"canonical\" href=\"https:\/\/www.chalet-wiesenglueck.it\/it\/buono\/\" \/>\n<meta property=\"og:locale\" content=\"it_IT\" \/>\n<meta property=\"og:type\" content=\"article\" \/>\n<meta property=\"og:title\" content=\"Buono - Chalet Wiesengl\u00fcck Alto Adige Val Casies\" \/>\n<meta property=\"og:description\" content=\"Buoni regalo un regalo carino&#8230; Regalate un buono Wiesengl\u00fcck. \u00c8 facilissimo: Indicate l\u2019importo, aggiungete un messaggio personalizzato e inviate. Dopo il avvenuto pagamento vi mandiamo il buono via mail. Ordina online il buono: Valore in Euro * Titolo * Messaggio personalizzato Ordinato da * Indirizzo e-mail * Bitte lasse dieses Feld leer. Ho letto le [&hellip;]\" \/>\n<meta property=\"og:url\" content=\"https:\/\/www.chalet-wiesenglueck.it\/it\/buono\/\" \/>\n<meta property=\"og:site_name\" content=\"Chalet Wiesengl\u00fcck Alto Adige Val Casies\" \/>\n<meta property=\"article:publisher\" content=\"https:\/\/www.facebook.com\/wiesenglueck\/\" \/>\n<meta property=\"article:modified_time\" content=\"2024-09-24T14:35:23+00:00\" \/>\n<meta property=\"og:image\" content=\"https:\/\/www.chalet-wiesenglueck.it\/wp-content\/uploads\/voucher-wiesenglueck-IT.jpg\" \/>\n<meta name=\"twitter:card\" content=\"summary_large_image\" \/>\n<meta name=\"twitter:label1\" content=\"Tempo di lettura stimato\" \/>\n\t<meta name=\"twitter:data1\" content=\"1 minuto\" \/>\n<script type=\"application\/ld+json\" class=\"yoast-schema-graph\">{\"@context\":\"https:\\\/\\\/schema.org\",\"@graph\":[{\"@type\":\"WebPage\",\"@id\":\"https:\\\/\\\/www.chalet-wiesenglueck.it\\\/it\\\/buono\\\/\",\"url\":\"https:\\\/\\\/www.chalet-wiesenglueck.it\\\/it\\\/buono\\\/\",\"name\":\"Buono - Chalet Wiesengl\u00fcck Alto Adige Val Casies\",\"isPartOf\":{\"@id\":\"https:\\\/\\\/www.chalet-wiesenglueck.it\\\/#website\"},\"primaryImageOfPage\":{\"@id\":\"https:\\\/\\\/www.chalet-wiesenglueck.it\\\/it\\\/buono\\\/#primaryimage\"},\"image\":{\"@id\":\"https:\\\/\\\/www.chalet-wiesenglueck.it\\\/it\\\/buono\\\/#primaryimage\"},\"thumbnailUrl\":\"https:\\\/\\\/www.chalet-wiesenglueck.it\\\/wp-content\\\/uploads\\\/voucher-wiesenglueck-IT.jpg\",\"datePublished\":\"2023-05-22T07:13:44+00:00\",\"dateModified\":\"2024-09-24T14:35:23+00:00\",\"breadcrumb\":{\"@id\":\"https:\\\/\\\/www.chalet-wiesenglueck.it\\\/it\\\/buono\\\/#breadcrumb\"},\"inLanguage\":\"it-IT\",\"potentialAction\":[{\"@type\":\"ReadAction\",\"target\":[\"https:\\\/\\\/www.chalet-wiesenglueck.it\\\/it\\\/buono\\\/\"]}]},{\"@type\":\"ImageObject\",\"inLanguage\":\"it-IT\",\"@id\":\"https:\\\/\\\/www.chalet-wiesenglueck.it\\\/it\\\/buono\\\/#primaryimage\",\"url\":\"https:\\\/\\\/www.chalet-wiesenglueck.it\\\/wp-content\\\/uploads\\\/voucher-wiesenglueck-IT.jpg\",\"contentUrl\":\"https:\\\/\\\/www.chalet-wiesenglueck.it\\\/wp-content\\\/uploads\\\/voucher-wiesenglueck-IT.jpg\"},{\"@type\":\"BreadcrumbList\",\"@id\":\"https:\\\/\\\/www.chalet-wiesenglueck.it\\\/it\\\/buono\\\/#breadcrumb\",\"itemListElement\":[{\"@type\":\"ListItem\",\"position\":1,\"name\":\"Startseite\",\"item\":\"https:\\\/\\\/www.chalet-wiesenglueck.it\\\/it\\\/\"},{\"@type\":\"ListItem\",\"position\":2,\"name\":\"Buono\"}]},{\"@type\":\"WebSite\",\"@id\":\"https:\\\/\\\/www.chalet-wiesenglueck.it\\\/#website\",\"url\":\"https:\\\/\\\/www.chalet-wiesenglueck.it\\\/\",\"name\":\"Chalet Wiesengl\u00fcck\",\"description\":\"\",\"publisher\":{\"@id\":\"https:\\\/\\\/www.chalet-wiesenglueck.it\\\/#organization\"},\"potentialAction\":[{\"@type\":\"SearchAction\",\"target\":{\"@type\":\"EntryPoint\",\"urlTemplate\":\"https:\\\/\\\/www.chalet-wiesenglueck.it\\\/?s={search_term_string}\"},\"query-input\":{\"@type\":\"PropertyValueSpecification\",\"valueRequired\":true,\"valueName\":\"search_term_string\"}}],\"inLanguage\":\"it-IT\"},{\"@type\":\"Organization\",\"@id\":\"https:\\\/\\\/www.chalet-wiesenglueck.it\\\/#organization\",\"name\":\"Chalet Wiesengl\u00fcck\",\"url\":\"https:\\\/\\\/www.chalet-wiesenglueck.it\\\/\",\"logo\":{\"@type\":\"ImageObject\",\"inLanguage\":\"it-IT\",\"@id\":\"https:\\\/\\\/www.chalet-wiesenglueck.it\\\/#\\\/schema\\\/logo\\\/image\\\/\",\"url\":\"https:\\\/\\\/www.chalet-wiesenglueck.it\\\/wp-content\\\/uploads\\\/wiesenglueck-logo-transparenz-test-1.png\",\"contentUrl\":\"https:\\\/\\\/www.chalet-wiesenglueck.it\\\/wp-content\\\/uploads\\\/wiesenglueck-logo-transparenz-test-1.png\",\"width\":426,\"height\":335,\"caption\":\"Chalet Wiesengl\u00fcck\"},\"image\":{\"@id\":\"https:\\\/\\\/www.chalet-wiesenglueck.it\\\/#\\\/schema\\\/logo\\\/image\\\/\"},\"sameAs\":[\"https:\\\/\\\/www.facebook.com\\\/wiesenglueck\\\/\",\"https:\\\/\\\/www.instagram.com\\\/chalet_wiesenglueck\\\/\"]}]}<\/script>\n<!-- \/ Yoast SEO plugin. -->","yoast_head_json":{"title":"Buono - Chalet Wiesengl\u00fcck Alto Adige Val Casies","robots":{"index":"index","follow":"follow","max-snippet":"max-snippet:-1","max-image-preview":"max-image-preview:large","max-video-preview":"max-video-preview:-1"},"canonical":"https:\/\/www.chalet-wiesenglueck.it\/it\/buono\/","og_locale":"it_IT","og_type":"article","og_title":"Buono - Chalet Wiesengl\u00fcck Alto Adige Val Casies","og_description":"Buoni regalo un regalo carino&#8230; Regalate un buono Wiesengl\u00fcck. \u00c8 facilissimo: Indicate l\u2019importo, aggiungete un messaggio personalizzato e inviate. Dopo il avvenuto pagamento vi mandiamo il buono via mail. Ordina online il buono: Valore in Euro * Titolo * Messaggio personalizzato Ordinato da * Indirizzo e-mail * Bitte lasse dieses Feld leer. Ho letto le [&hellip;]","og_url":"https:\/\/www.chalet-wiesenglueck.it\/it\/buono\/","og_site_name":"Chalet Wiesengl\u00fcck Alto Adige Val Casies","article_publisher":"https:\/\/www.facebook.com\/wiesenglueck\/","article_modified_time":"2024-09-24T14:35:23+00:00","og_image":[{"url":"https:\/\/www.chalet-wiesenglueck.it\/wp-content\/uploads\/voucher-wiesenglueck-IT.jpg","type":"","width":"","height":""}],"twitter_card":"summary_large_image","twitter_misc":{"Tempo di lettura stimato":"1 minuto"},"schema":{"@context":"https:\/\/schema.org","@graph":[{"@type":"WebPage","@id":"https:\/\/www.chalet-wiesenglueck.it\/it\/buono\/","url":"https:\/\/www.chalet-wiesenglueck.it\/it\/buono\/","name":"Buono - Chalet Wiesengl\u00fcck Alto Adige Val Casies","isPartOf":{"@id":"https:\/\/www.chalet-wiesenglueck.it\/#website"},"primaryImageOfPage":{"@id":"https:\/\/www.chalet-wiesenglueck.it\/it\/buono\/#primaryimage"},"image":{"@id":"https:\/\/www.chalet-wiesenglueck.it\/it\/buono\/#primaryimage"},"thumbnailUrl":"https:\/\/www.chalet-wiesenglueck.it\/wp-content\/uploads\/voucher-wiesenglueck-IT.jpg","datePublished":"2023-05-22T07:13:44+00:00","dateModified":"2024-09-24T14:35:23+00:00","breadcrumb":{"@id":"https:\/\/www.chalet-wiesenglueck.it\/it\/buono\/#breadcrumb"},"inLanguage":"it-IT","potentialAction":[{"@type":"ReadAction","target":["https:\/\/www.chalet-wiesenglueck.it\/it\/buono\/"]}]},{"@type":"ImageObject","inLanguage":"it-IT","@id":"https:\/\/www.chalet-wiesenglueck.it\/it\/buono\/#primaryimage","url":"https:\/\/www.chalet-wiesenglueck.it\/wp-content\/uploads\/voucher-wiesenglueck-IT.jpg","contentUrl":"https:\/\/www.chalet-wiesenglueck.it\/wp-content\/uploads\/voucher-wiesenglueck-IT.jpg"},{"@type":"BreadcrumbList","@id":"https:\/\/www.chalet-wiesenglueck.it\/it\/buono\/#breadcrumb","itemListElement":[{"@type":"ListItem","position":1,"name":"Startseite","item":"https:\/\/www.chalet-wiesenglueck.it\/it\/"},{"@type":"ListItem","position":2,"name":"Buono"}]},{"@type":"WebSite","@id":"https:\/\/www.chalet-wiesenglueck.it\/#website","url":"https:\/\/www.chalet-wiesenglueck.it\/","name":"Chalet Wiesengl\u00fcck","description":"","publisher":{"@id":"https:\/\/www.chalet-wiesenglueck.it\/#organization"},"potentialAction":[{"@type":"SearchAction","target":{"@type":"EntryPoint","urlTemplate":"https:\/\/www.chalet-wiesenglueck.it\/?s={search_term_string}"},"query-input":{"@type":"PropertyValueSpecification","valueRequired":true,"valueName":"search_term_string"}}],"inLanguage":"it-IT"},{"@type":"Organization","@id":"https:\/\/www.chalet-wiesenglueck.it\/#organization","name":"Chalet Wiesengl\u00fcck","url":"https:\/\/www.chalet-wiesenglueck.it\/","logo":{"@type":"ImageObject","inLanguage":"it-IT","@id":"https:\/\/www.chalet-wiesenglueck.it\/#\/schema\/logo\/image\/","url":"https:\/\/www.chalet-wiesenglueck.it\/wp-content\/uploads\/wiesenglueck-logo-transparenz-test-1.png","contentUrl":"https:\/\/www.chalet-wiesenglueck.it\/wp-content\/uploads\/wiesenglueck-logo-transparenz-test-1.png","width":426,"height":335,"caption":"Chalet Wiesengl\u00fcck"},"image":{"@id":"https:\/\/www.chalet-wiesenglueck.it\/#\/schema\/logo\/image\/"},"sameAs":["https:\/\/www.facebook.com\/wiesenglueck\/","https:\/\/www.instagram.com\/chalet_wiesenglueck\/"]}]}},"_links":{"self":[{"href":"https:\/\/www.chalet-wiesenglueck.it\/it\/wp-json\/wp\/v2\/pages\/4223","targetHints":{"allow":["GET"]}}],"collection":[{"href":"https:\/\/www.chalet-wiesenglueck.it\/it\/wp-json\/wp\/v2\/pages"}],"about":[{"href":"https:\/\/www.chalet-wiesenglueck.it\/it\/wp-json\/wp\/v2\/types\/page"}],"author":[{"embeddable":true,"href":"https:\/\/www.chalet-wiesenglueck.it\/it\/wp-json\/wp\/v2\/users\/1"}],"replies":[{"embeddable":true,"href":"https:\/\/www.chalet-wiesenglueck.it\/it\/wp-json\/wp\/v2\/comments?post=4223"}],"version-history":[{"count":0,"href":"https:\/\/www.chalet-wiesenglueck.it\/it\/wp-json\/wp\/v2\/pages\/4223\/revisions"}],"wp:attachment":[{"href":"https:\/\/www.chalet-wiesenglueck.it\/it\/wp-json\/wp\/v2\/media?parent=4223"}],"curies":[{"name":"wp","href":"https:\/\/api.w.org\/{rel}","templated":true}]}}